{"id":36,"date":"2014-11-05T19:23:21","date_gmt":"2014-11-05T19:23:21","guid":{"rendered":"http:\/\/www.trioblasting.com\/?page_id=36"},"modified":"2016-09-27T23:09:47","modified_gmt":"2016-09-27T21:09:47","slug":"eka-650-series","status":"publish","type":"page","link":"http:\/\/www.trioblasting.com\/tr\/blasting-machines\/eka-650-series\/","title":{"rendered":"EKA D SER\u0130S\u0130"},"content":{"rendered":"<p>[rev_slider eka_d_tr]<\/p>\n<div class=\"gap\" style=\"height: 20px;\"><\/div>\n<div class=\"section \" style=\"background-color: #ffffff; border: none; padding: ; \">\n<div class=\"container clearfix\">\n<div class=\"sixteen columns\">\n<div class=\"description clearfix style-1\">\n<h4><span class=\"iconbox-info\"><\/span>EKA 650\u2122 serisi elektronik patlatma manyetolar\u0131 Madencilik, \u0130n\u015faat, T\u00fcnel alanlar\u0131nda ve Ta\u015f ocaklar\u0131ndaki patlatma i\u015flemleri i\u00e7in tasarlanm\u0131\u015ft\u0131r.<\/h4>\n<\/div>\n<div class=\"two_third\">\n<h3>Tan\u0131m<\/h3>\n<p>EKA 650\u2122 serisi cihazlar\u0131n y\u00fcksek derece ak\u0131m darbesi, hafif olmas\u0131, k\u00fc\u00e7\u00fck boyut, d\u00fc\u015f\u00fck ak\u0131m t\u00fcketimi ve uzun \u00e7al\u0131\u015fma \u00f6mr\u00fc gibi \u00f6zellikleri bulunmaktad\u0131r. EKA 650\u2122 serisi temelde tek seri elektrikli kaps\u00fcller (EK) i\u00e7in kullan\u0131lacak olan EKA 650\/23\u2122 &#8216;den olu\u015furken, EKA 650\/50\u2122 \u00fcr\u00fcn\u00fcn\u00fcn kullan\u0131m amac\u0131 paralel EK devrelerinin ate\u015flenmesidir.<\/p>\n<h3>Ate\u015fleme \u00f6zelli\u011fi<\/h3>\n<p>Tek bir EKA 650\/23\u2122 cihaz\u0131 tek bir ate\u015flemede 208 tane  standart (2 \u03a9) EK, iki paralel seride ise 344&#8217;e kadar EK ate\u015fleyebilirken, EKA 650\/50\u2122 cihaz\u0131 tek bir seride 266 adet iki paralel seride 371 adet EK ate\u015fler. Ayn\u0131 zamanda 10\u03a9&#8217;a kadae olu\u015fan kablo direncini a\u015fabilir. Standart, yeni bir alkalin pil 650\/23\u2122 modeli i\u00e7in minimum 1000 ate\u015fleme 650\/50\u2122 modeli i\u00e7in min. 500 ate\u015fleme yapmaktad\u0131r.<\/p>\n<h3>G\u00fcvenlik<\/h3>\n<p>TRIO manyeto masrafl\u0131 test ekipmanlar\u0131na ve zaman al\u0131c\u0131 i\u015flemlere gerek b\u0131rakmayan kendi kendini test etme \u00f6zelli\u011fine sahiptir. Sistemde her hangi bir problem var ise patlatma yapamazs\u0131n\u0131z.<br \/>\n\u015earj ve ate\u015fleme i\u015flemleri herhangi bir mekanik veya hareketli par\u00e7a olmadan manyetik anahtar ile yap\u0131l\u0131r. Bu \u015fekilde g\u00fcvenilir ve uzun s\u00fcre sa\u011fl\u0131kl\u0131 \u00e7al\u0131\u015fma sa\u011flar. Manyeto uygun olmayan bataryalar kullan\u0131l\u0131r ise ate\u015fleme yapmayacakt\u0131r.<\/p>\n<h3>Mekanik Koruma<\/h3>\n<p>Manyetolar\u0131n d\u0131\u015f muhafazas\u0131 son derece dayan\u0131kl\u0131 olmakla beraber paslanmaz \u00c7elikten imal edilmi\u015ftir. Paslanmaz \u00e7elik elektronik devreleri su, gaz, nem, toz ve m\u00fcdahaleye kar\u015f\u0131 korumakla beraber, y\u00fcksek derecede mekanik koruma sa\u011flar.<br \/>\nElektronik b\u00f6l\u00fcm\u00fc \u00f6zel yal\u0131tkan bir malzeme kullan\u0131larak tek bir bloktan olu\u015fmaktad\u0131r.\n<\/p><\/div>\n<div class=\"one_third last\">\n<h3>Genel ama\u00e7lar<\/h3>\n<div class=\"toggle\">\n<div class=\"toggle-title \"><i class='icon-check'><\/i>Yeralti maden ocaklarinda<span><\/span><\/div>\n<div class=\"toggle-inner\">\n<p>Yeralti maden ocaklarinda<\/p>\n<\/div>\n<\/div>\n<div class=\"toggle\">\n<div class=\"toggle-title \"><i class='icon-check'><\/i>Ta\u015f ocaklari<span><\/span><\/div>\n<div class=\"toggle-inner\">\n<p>Ta\u015f ocaklari<\/p>\n<\/div>\n<\/div>\n<div class=\"toggle\">\n<div class=\"toggle-title \"><i class='icon-check'><\/i>Yol in\u015faati<span><\/span><\/div>\n<div class=\"toggle-inner\">\n<p>Yol in\u015faati<\/p>\n<\/div>\n<\/div>\n<div class=\"toggle\">\n<div class=\"toggle-title \"><i class='icon-check'><\/i>A\u00e7ik i\u015fletmelerde <span><\/span><\/div>\n<div class=\"toggle-inner\">\n<p>A\u00e7ik i\u015fletmelerde<\/p>\n<\/div>\n<\/div>\n<div class=\"toggle\">\n<div class=\"toggle-title \"><i class='icon-check'><\/i>Metal madenlerinde<span><\/span><\/div>\n<div class=\"toggle-inner\">\n<p>Metal madenlerinde<\/p>\n<\/div>\n<\/div>\n<p><span class=\"responsive\"><br \/>\n<img src=\"http:\/\/www.trioblasting.com\/wp-content\/uploads\/EKA650_perspective.jpg\"><br \/>\n<\/span><br \/>\n<a href=\"http:\/\/www.trioblasting.com\/download\/catalogs\/tr\/EKA_650_TR.pdf\" target=\"_blank\" class=\" button red medium\" rel=\"slides[buttonlightbox]\"><i class='icon-download-alt'><\/i>E-Bro\u015f\u00fcr indirin<\/a>\n<\/div>\n<div class=\"clear\"><\/div>\n<div class=\"gap\" style=\"height: 10px;\"><\/div>\n\t\t\t<div class=\"rgg-imagegrid \" rgg_id=\"2\">\r\n\t\t\t\t\r\n\t<a class=\"rgg-a\" rel=\"rgg\" href=\"http:\/\/www.trioblasting.com\/wp-content\/uploads\/EKA650_naked.jpg\" title=\"EKA 650 blasting machine without carrying bag\"><img width=\"295\" height=\"285\" src=\"http:\/\/www.trioblasting.com\/wp-content\/uploads\/EKA650_naked.jpg\" class=\"attachment-medium size-medium\" alt=\"EKA 650 blasting machine without carrying bag\" loading=\"lazy\" \/><\/a><a class=\"rgg-a\" rel=\"rgg\" href=\"http:\/\/www.trioblasting.com\/wp-content\/uploads\/EKA650_case0.jpg\" title=\"EKA 650 blasting machine can be carried on belt\"><img width=\"259\" height=\"300\" src=\"http:\/\/www.trioblasting.com\/wp-content\/uploads\/EKA650_case0-259x300.jpg\" class=\"attachment-medium size-medium\" alt=\"EKA 650 blasting machine\" loading=\"lazy\" srcset=\"http:\/\/www.trioblasting.com\/wp-content\/uploads\/EKA650_case0-259x300.jpg 259w, http:\/\/www.trioblasting.com\/wp-content\/uploads\/EKA650_case0.jpg 415w\" sizes=\"(max-width: 259px) 100vw, 259px\" \/><\/a><a class=\"rgg-a\" rel=\"rgg\" href=\"http:\/\/www.trioblasting.com\/wp-content\/uploads\/EKA650_case1.jpg\" title=\"EKA 650 blasting machine can be carried around shoulder\"><img width=\"256\" height=\"300\" src=\"http:\/\/www.trioblasting.com\/wp-content\/uploads\/EKA650_case1-256x300.jpg\" class=\"attachment-medium size-medium\" alt=\"EKA 650 blasting machine carried around shoulder\" loading=\"lazy\" srcset=\"http:\/\/www.trioblasting.com\/wp-content\/uploads\/EKA650_case1-256x300.jpg 256w, http:\/\/www.trioblasting.com\/wp-content\/uploads\/EKA650_case1.jpg 411w\" sizes=\"(max-width: 256px) 100vw, 256px\" \/><\/a><a class=\"rgg-a\" rel=\"rgg\" href=\"http:\/\/www.trioblasting.com\/wp-content\/uploads\/EKA650_case2.jpg\" title=\"EKA 650 blasting machine, carried on belt\"><img width=\"271\" height=\"300\" src=\"http:\/\/www.trioblasting.com\/wp-content\/uploads\/EKA650_case2-271x300.jpg\" class=\"attachment-medium size-medium\" alt=\"EKA 650 blasting machine, carried on belt\" loading=\"lazy\" srcset=\"http:\/\/www.trioblasting.com\/wp-content\/uploads\/EKA650_case2-271x300.jpg 271w, http:\/\/www.trioblasting.com\/wp-content\/uploads\/EKA650_case2.jpg 435w\" sizes=\"(max-width: 271px) 100vw, 271px\" \/><\/a>\t\t\t<\/div>\r\n\t\t\t<div style=\"clear:both\"><\/div>\r\n\t\n<div class=\"gap\" style=\"height: 10px;\"><\/div>\n<h3>Teknik \u00f6zellikler<\/h3>\n<div class=\"tabset tabstyle-horizontal clearfix\"><ul class=\"tabs\"><li class=\"tab\"><a href=\"#panel3036194081\"><i class=\"icon-file\"><\/i>EKA 650\/23<\/a><\/li>\n<li class=\"tab\"><a href=\"#panel3036194082\"><i class=\"icon-file\"><\/i>EKA 650\/50<\/a><\/li><\/ul><div class=\"panels\"><div class=\"panel\" id=\"panel3036194081\"><p><\/p>\n<div class=\"custom-table-1\">\n<table width=\"100%\">\n<thead>\n<tr>\n<th>Number of series<\/th>\n<th>Single line of EK<\/th>\n<th>Two parallel series of EK<\/th>\n<\/tr>\n<\/thead>\n<tbody>\n<tr>\n<td>\u00c7al\u0131\u015fma gerilimi<\/td>\n<td>650 &ndash; 680 V<\/td>\n<td>650 &ndash; 680 V<\/td>\n<\/tr>\n<tr>\n<td>Ate\u015fleme enerjisi<\/td>\n<td>&gt;4,96 J<\/td>\n<td>&gt;4,96 J<\/td>\n<\/tr>\n<tr>\n<td>Kapasite<\/td>\n<td>23,5 &#181;F<\/td>\n<td>23,5 &#181;F<\/td>\n<\/tr>\n<tr>\n<td>Dahili diren\u00e7<\/td>\n<td>10 &#8486;<\/td>\n<td>10 &#8486;<\/td>\n<\/tr>\n<tr>\n<td>Normal limit direnci (Class I EK))<\/td>\n<td>440 &#8486;<\/td>\n<td>170 &#8486;<\/td>\n<\/tr>\n<tr>\n<td>Limit diren\u00e7 ak\u0131m\u0131 (Class I EK)<\/td>\n<td>&gt;1,20 A<\/td>\n<td>&gt;2,40 A<\/td>\n<\/tr>\n<tr>\n<td>Ate\u015fleme yetisi (Class I EK)<\/td>\n<td>225 EK<\/td>\n<td>338 EK<\/td>\n<\/tr>\n<tr>\n<td>Normal limit direnci (Class II EK)<\/td>\n<td>170 &#8486;<\/td>\n<td>N\/A<\/td>\n<\/tr>\n<tr>\n<td>Limit diren\u00e7 ak\u0131m\u0131 (Class II EK)<\/td>\n<td>&gt;2,5 A<\/td>\n<td>N\/A<\/td>\n<\/tr>\n<tr>\n<td>Ate\u015fleme yetisi (Class II EK)<\/td>\n<td>179 EK<\/td>\n<td>N\/A<\/td>\n<\/tr>\n<tr>\n<td>G\u00fc\u00e7 kayna\u011f\u0131<\/td>\n<td>9 V<\/td>\n<td><\/td>\n<\/tr>\n<tr>\n<td>\u015earj s\u00fcresi<\/td>\n<td>&lt;10 s<\/td>\n<td><\/td>\n<\/tr>\n<tr>\n<td>Ebat<\/td>\n<td>217 x 80 x 46 mm<\/td>\n<td><\/td>\n<\/tr>\n<tr>\n<td>A\u011f\u0131rl\u0131k<\/td>\n<td>ca. 1,7 kg<\/td>\n<td><\/td>\n<\/tr>\n<tr>\n<td>\u00c7al\u0131\u015fma s\u0131cakl\u0131\u011f\u0131<\/td>\n<td>-20 \u00b0C ila +55 \u00b0C<\/td>\n<td><\/td>\n<\/tr>\n<tr>\n<td>Stok s\u0131cakl\u0131\u011f\u0131<\/td>\n<td>-40 \u00b0C ila +70 \u00b0C<\/td>\n<td><\/td>\n<\/tr>\n<tr>\n<td>Koruma<\/td>\n<td>IP54<\/td>\n<td><\/td>\n<\/tr>\n<\/tbody>\n<\/table>\n<\/div>\n<p><\/p><\/div>\n<div class=\"panel\" id=\"panel3036194082\"><p><\/p>\n<div class=\"custom-table-1\">\n<table width=\"100%\">\n<thead>\n<tr>\n<th>Number of series<\/th>\n<th>Single line of EK<\/th>\n<th>Two parallel series of EK<\/th>\n<th>Three parallel series of EK<\/th>\n<\/tr>\n<\/thead>\n<tbody>\n<tr>\n<td>\u00c7al\u0131\u015fma gerilimi<\/td>\n<td>650 &ndash; 680 V <\/td>\n<td>650 &ndash; 680 V<\/td>\n<td>650 &ndash; 680 V<\/td>\n<\/tr>\n<tr>\n<td>Ate\u015fleme enerjisi<\/td>\n<td>&gt;10,56 J<\/td>\n<td>&gt;10,56 J<\/td>\n<td>&gt;10,56 J<\/td>\n<\/tr>\n<tr>\n<td>Kapasite<\/td>\n<td>50,0 &#181;F<\/td>\n<td>50,0 &#181;F<\/td>\n<td>50,0 &#181;F<\/td>\n<\/tr>\n<tr>\n<td>\u0130\u00e7 diren\u00e7<\/td>\n<td>10 &#8486;<\/td>\n<td>10 &#8486;<\/td>\n<td>10 &#8486;<\/td>\n<\/tr>\n<tr>\n<td>Nominal limit direnci (Class I EK)<\/td>\n<td>460 &#8486;<\/td>\n<td>195 &#8486;<\/td>\n<td>110 &#8486;<\/td>\n<\/tr>\n<tr>\n<td>Limit diren\u00e7 ak\u0131m\u0131 (Class I EK)<\/td>\n<td>&gt;1,2 A<\/td>\n<td>&gt;2,4 A<\/td>\n<td>&gt;3,6 A<\/td>\n<\/tr>\n<tr>\n<td>Ate\u015fleme yetisi (Class I EK)<\/td>\n<td>238 EK<\/td>\n<td>391 EK<\/td>\n<td>466 EK<\/td>\n<\/tr>\n<tr>\n<td>Ate\u015fleme yetisi (Class II EK)<\/td>\n<td>200 &#8486;<\/td>\n<td>72 &#8486;<\/td>\n<td>N\/A<\/td>\n<\/tr>\n<tr>\n<td>Limit diren\u00e7 ak\u0131m\u0131 (Class II EK)<\/td>\n<td>&gt;2,5 A<\/td>\n<td>&gt;5,0 A<\/td>\n<td>N\/A<\/td>\n<\/tr>\n<tr>\n<td>Ate\u015fleme yetisi (Class II EK)<\/td>\n<td>213 EK<\/td>\n<td>278 EK<\/td>\n<td>N\/A<\/td>\n<\/tr>\n<tr>\n<td>G\u00fc\u00e7 kayna\u011f\u0131<\/td>\n<td>9 V<\/td>\n<td>9 V<\/td>\n<td><\/td>\n<\/tr>\n<tr>\n<td>\u015earj s\u00fcresi<\/td>\n<td>&lt;10 s<\/td>\n<td>&lt;10 s<\/td>\n<td><\/td>\n<\/tr>\n<tr>\n<td>Ebat<\/td>\n<td>115 x 67 x 32 mm<\/td>\n<td><\/td>\n<td><\/td>\n<\/tr>\n<tr>\n<td>A\u011f\u0131rl\u0131k<\/td>\n<td>1,4 kg<\/td>\n<td><\/td>\n<td><\/td>\n<\/tr>\n<tr>\n<td>\u00c7al\u0131\u015fma s\u0131cakl\u0131\u011f\u0131<\/td>\n<td>-20 \u00b0C ila +55 \u00b0C<\/td>\n<td><\/td>\n<td><\/td>\n<\/tr>\n<tr>\n<td>Stok s\u0131cakl\u0131\u011f\u0131\/td><\/p>\n<td>-40 \u00b0C ila +70 \u00b0C<\/td>\n<td><\/td>\n<td><\/td>\n<\/tr>\n<tr>\n<td>Koruma<\/td>\n<td>IP54<\/td>\n<td><\/td>\n<td><\/td>\n<\/tr>\n<\/tbody>\n<\/table>\n<\/div>\n<p><\/p><\/div><\/div><\/div><\/div>\n<\/div>\n<\/div>\n<p><\/p>","protected":false},"excerpt":{"rendered":"<p>[rev_slider eka_d_tr] EKA 650\u2122 serisi elektronik patlatma manyetolar\u0131 Madencilik, \u0130n\u015faat, T\u00fcnel alanlar\u0131nda ve Ta\u015f ocaklar\u0131ndaki patlatma i\u015flemleri i\u00e7in tasarlanm\u0131\u015ft\u0131r. Tan\u0131m EKA 650\u2122 serisi cihazlar\u0131n y\u00fcksek derece ak\u0131m darbesi, hafif olmas\u0131,\u2026 <a href=\"http:\/\/www.trioblasting.com\/tr\/blasting-machines\/eka-650-series\/\" class=\"read-more-link\">read more &rarr;<\/a><\/p>\n","protected":false},"author":3,"featured_media":0,"parent":21,"menu_order":0,"comment_status":"closed","ping_status":"closed","template":"page-fullwidth.php","meta":[],"_links":{"self":[{"href":"http:\/\/www.trioblasting.com\/tr\/wp-json\/wp\/v2\/pages\/36"}],"collection":[{"href":"http:\/\/www.trioblasting.com\/tr\/wp-json\/wp\/v2\/pages"}],"about":[{"href":"http:\/\/www.trioblasting.com\/tr\/wp-json\/wp\/v2\/types\/page"}],"author":[{"embeddable":true,"href":"http:\/\/www.trioblasting.com\/tr\/wp-json\/wp\/v2\/users\/3"}],"replies":[{"embeddable":true,"href":"http:\/\/www.trioblasting.com\/tr\/wp-json\/wp\/v2\/comments?post=36"}],"version-history":[{"count":41,"href":"http:\/\/www.trioblasting.com\/tr\/wp-json\/wp\/v2\/pages\/36\/revisions"}],"predecessor-version":[{"id":3217,"href":"http:\/\/www.trioblasting.com\/tr\/wp-json\/wp\/v2\/pages\/36\/revisions\/3217"}],"up":[{"embeddable":true,"href":"http:\/\/www.trioblasting.com\/tr\/wp-json\/wp\/v2\/pages\/21"}],"wp:attachment":[{"href":"http:\/\/www.trioblasting.com\/tr\/wp-json\/wp\/v2\/media?parent=36"}],"curies":[{"name":"wp","href":"https:\/\/api.w.org\/{rel}","templated":true}]}}