{"id":48,"date":"2014-11-05T19:58:46","date_gmt":"2014-11-05T19:58:46","guid":{"rendered":"http:\/\/www.trioblasting.com\/?page_id=48"},"modified":"2016-07-08T11:31:31","modified_gmt":"2016-07-08T09:31:31","slug":"eka-md-series","status":"publish","type":"page","link":"http:\/\/www.trioblasting.com\/tr\/blasting-machines\/eka-md-series\/","title":{"rendered":"EKA MD\u2122 SER\u0130S\u0130"},"content":{"rendered":"<p>[rev_slider ekamd_tr]<\/p>\n<div class=\"gap\" style=\"height: 20px;\"><\/div>\n<div class=\"section \" style=\"background-color: #ffffff; border: none; padding: ; \">\n<div class=\"container clearfix\">\n<div class=\"sixteen columns\"><\/div>\n<\/div>\n<\/div>\n<div class=\"description clearfix style-1\">\n<h4><span class=\"iconbox-info\"><\/span>EKA MD serisi manyetolar\u0131, metan  emisyonu bulunan ortamlarda kullan\u0131lmaya uygun mikroi\u015flemcili cihazlard\u0131r<\/h4>\n<\/div>\n<div class=\"two_third\">\n<h3>Tan\u0131m<\/h3>\n<p>EKA MD serisi anti\u2013grizu performans\u0131 i\u00e7in mikroi\u015flemci ile kontrol edilen ate\u015fleme manyetosudur. Mikroi\u015flemci en y\u00fcksek seviyede g\u00fcvenli\u011fi, bataryan\u0131n korunmas\u0131n\u0131 ve kullanma basitli\u011fini sa\u011flamaktad\u0131r.<br \/>\nEKA MD serisi, k\u00f6m\u00fcr ocaklar\u0131nda patlatmalarda ve t\u00fcnel yap\u0131m\u0131nda kullan\u0131m i\u00e7indir.<\/p>\n<h3>Ate\u015fleme \u00f6zelli\u011fi<\/h3>\n<p>Kullan\u0131c\u0131lar\u0131n isteklerine ve gere\u00e7lerine binaen, EKA MD serisi ate\u015fleme manyetolar\u0131, A tipi elektronik patlatma kaps\u00fcllerinden 230 adet ve U tipi olandan ise 215 adet ate\u015fleme imkan\u0131 ile imal edilmi\u015ftir.<br \/>\nStandart alkali pil seti 2000 patlatma gibi kulan\u0131m \u00f6mr\u00fc sa\u011flamaktad\u0131r.<\/p>\n<h3>G\u00fcvenlik<\/h3>\n<p>Masrafl\u0131 test ekipmanlar\u0131na ve zaman al\u0131c\u0131 i\u015flemlere gerek b\u0131rakmadan kendi kendini test etme \u00f6zelli\u011fine sahiptir.<br \/>\n\u015earj ve ate\u015fleme i\u015flemleri herhangi bir mekanik veya hareketli par\u00e7a olmadan manyetik anahtar ile yap\u0131l\u0131r. Bu \u015fekilde g\u00fcvenilir ve uzun s\u00fcre sa\u011fl\u0131kl\u0131 \u00e7al\u0131\u015fma sa\u011flan\u0131r.<br \/>\nG\u00fcvenlikten dolay\u0131 cihaz, belirlenmi\u015f voltaja dek tamamen \u015farj edilmez ise ate\u015fleme yapmayacaks\u0131n\u0131z. Ate\u015fleme zaman\u0131 kesilme s\u00fcresi 4 ms&#8217;den d\u00fc\u015f\u00fckt\u00fcr ve 1 \u03bcs&#8217;den a\u015famal\u0131 olarak proglamlanabilir. Manyetonun montaj\u0131, m\u00fcdahaleye kar\u015f\u0131 korumal\u0131 \u00f6zel vidalarla vidalanarak, \u00e7al\u0131\u015fma boyunca kapal\u0131 olmas\u0131 ve batarya de\u011fi\u015fimlerinin sadece serviste yap\u0131labilmesi i\u00e7in tasarlanm\u0131\u015ft\u0131r.<br \/>\nEntegre mikroi\u015flemci, \u00e7al\u0131\u015fma devri esnas\u0131nda cihaz\u0131n \u00e7al\u0131\u015fma parametrelerini takip etmektedir. Cihaz\u0131n herhangi bir parametresi verilen de\u011ferler d\u0131\u015f\u0131nda bulunursa, cihaz otomatikmen devre d\u0131\u015f\u0131 kalacakt\u0131r ve \u015farj\u0131n\u0131 bo\u015faltacakt\u0131r. Bunun yan\u0131s\u0131ra, e\u011fer manyetik anahtar 30 saniyeden fazla kilitte kal\u0131rsa veya \u015farj edildikten sonra kondensat\u00f6rde gerilim 50 Volt&#8217;tan fazla d\u00fc\u015ferse, cihaz otomatikmen devre d\u0131\u015f\u0131 kalacakt\u0131r ve \u015farj\u0131n\u0131 bo\u015faltacakt\u0131r. Aksi halde cihaz ba\u015flatmadan \u00f6nce verilen gerilimde \u015farj edilebilir.<br \/>\nCihaza tak\u0131l\u0131 pillerin harcanma g\u00f6stergesi sayesinde pillerin zaman\u0131nda de\u011fi\u015ftirilmesi sa\u011flanmaktad\u0131r (Yer alt\u0131na girmeden \u00f6nce) <\/p>\n<\/div>\n<div class=\"one_third last\">\n<h3>Genel ama\u00e7lar<\/h3>\n<div class=\"toggle\">\n<div class=\"toggle-title \"><i class='icon-check'><\/i>Yeralt\u0131 maden ocaklar\u0131<span><\/span><\/div>\n<div class=\"toggle-inner\">\n<p>Yeralt\u0131 maden ocaklar\u0131<\/p>\n<\/div>\n<\/div>\n<div class=\"toggle\">\n<div class=\"toggle-title \"><i class='icon-check'><\/i>T\u00fcnel a\u00e7ma<span><\/span><\/div>\n<div class=\"toggle-inner\">\n<p>T\u00fcnel a\u00e7ma<\/p>\n<\/div>\n<\/div>\n<p><span class=\"responsive\"><br \/>\n<img src=\"http:\/\/www.trioblasting.com\/wp-content\/uploads\/ss_EKA_MD.jpg\"><br \/>\n<\/span><br \/>\n<a href=\"http:\/\/www.trioblasting.com\/download\/catalogs\/en\/eEKA_MD_EN.pdf\" target=\"_blank\" class=\" button red medium\" rel=\"slides[buttonlightbox]\"><i class='icon-download-alt'><\/i>Download Brochure<\/a>\n<\/div>\n<div class=\"clear\"><\/div>\n<h3>Mekanik koruma<\/h3>\n<p>Cihazlar, en k\u00f6t\u00fc \u00e7evre \u015fartlar\u0131 alt\u0131nda da \u00e7al\u0131\u015fmaktad\u0131r, bununla y\u00fcksek seviyede koruma sa\u011flanm\u0131\u015ft\u0131r: cihaz\u0131n kutusu, suya kar\u015f\u0131 dayan\u0131kl\u0131d\u0131r, paslanmaz krom-nikel \u00e7elik ile kaplanm\u0131\u015ft\u0131r. Elektronik bile\u015fenler \u00f6zel bir kimyasal kullanarak komple bir bloktan imal edilmi\u015ftir.<\/p>\n<div class=\"gap\" style=\"height: 10px;\"><\/div>\n\t\t\t<div class=\"rgg-imagegrid \" rgg_id=\"2\">\r\n\t\t\t\t\r\n\t<a class=\"rgg-a\" rel=\"rgg\" href=\"http:\/\/www.trioblasting.com\/wp-content\/uploads\/EKA650_naked.jpg\" title=\"EKA 650 blasting machine without carrying bag\"><img width=\"295\" height=\"285\" src=\"http:\/\/www.trioblasting.com\/wp-content\/uploads\/EKA650_naked.jpg\" class=\"attachment-medium size-medium\" alt=\"EKA 650 blasting machine without carrying bag\" loading=\"lazy\" \/><\/a><a class=\"rgg-a\" rel=\"rgg\" href=\"http:\/\/www.trioblasting.com\/wp-content\/uploads\/EKA650_case0.jpg\" title=\"EKA 650 blasting machine can be carried on belt\"><img width=\"259\" height=\"300\" src=\"http:\/\/www.trioblasting.com\/wp-content\/uploads\/EKA650_case0-259x300.jpg\" class=\"attachment-medium size-medium\" alt=\"EKA 650 blasting machine\" loading=\"lazy\" srcset=\"http:\/\/www.trioblasting.com\/wp-content\/uploads\/EKA650_case0-259x300.jpg 259w, http:\/\/www.trioblasting.com\/wp-content\/uploads\/EKA650_case0.jpg 415w\" sizes=\"(max-width: 259px) 100vw, 259px\" \/><\/a><a class=\"rgg-a\" rel=\"rgg\" href=\"http:\/\/www.trioblasting.com\/wp-content\/uploads\/EKA650_case1.jpg\" title=\"EKA 650 blasting machine can be carried around shoulder\"><img width=\"256\" height=\"300\" src=\"http:\/\/www.trioblasting.com\/wp-content\/uploads\/EKA650_case1-256x300.jpg\" class=\"attachment-medium size-medium\" alt=\"EKA 650 blasting machine carried around shoulder\" loading=\"lazy\" srcset=\"http:\/\/www.trioblasting.com\/wp-content\/uploads\/EKA650_case1-256x300.jpg 256w, http:\/\/www.trioblasting.com\/wp-content\/uploads\/EKA650_case1.jpg 411w\" sizes=\"(max-width: 256px) 100vw, 256px\" \/><\/a><a class=\"rgg-a\" rel=\"rgg\" href=\"http:\/\/www.trioblasting.com\/wp-content\/uploads\/EKA650_case2.jpg\" title=\"EKA 650 blasting machine, carried on belt\"><img width=\"271\" height=\"300\" src=\"http:\/\/www.trioblasting.com\/wp-content\/uploads\/EKA650_case2-271x300.jpg\" class=\"attachment-medium size-medium\" alt=\"EKA 650 blasting machine, carried on belt\" loading=\"lazy\" srcset=\"http:\/\/www.trioblasting.com\/wp-content\/uploads\/EKA650_case2-271x300.jpg 271w, http:\/\/www.trioblasting.com\/wp-content\/uploads\/EKA650_case2.jpg 435w\" sizes=\"(max-width: 271px) 100vw, 271px\" \/><\/a>\t\t\t<\/div>\r\n\t\t\t<div style=\"clear:both\"><\/div>\r\n\t\n<div class=\"gap\" style=\"height: 10px;\"><\/div>\n<h3>EKA MD serisi teknik karakteristik \u00f6zellikler<\/h3>\n<p><div class=\"tabset tabstyle-horizontal clearfix\"><ul class=\"tabs\"><li class=\"tab\"><a href=\"#panel3503680581\"><i class=\"icon-file\"><\/i>EKA MD 400<\/a><\/li>\n<li class=\"tab\"><a href=\"#panel3503680582\"><i class=\"icon-file\"><\/i>EKA MD 600<\/a><\/li>\n<li class=\"tab\"><a href=\"#panel3503680583\"><i class=\"icon-file\"><\/i>EKA MD 650\/23<\/a><\/li>\n<li class=\"tab\"><a href=\"#panel3503680584\"><i class=\"icon-file\"><\/i>EKA MD 650\/50<\/a><\/li><\/ul><div class=\"panels\"><div class=\"panel\" id=\"panel3503680581\"><p><\/p>\n<div class=\"custom-table-1\">\n<table width=\"100%\">\n<col width=\"50%\">\n<col width=\"25%\">\n<col width=\"25%\">\n<thead>\n<tr>\n<th>Elektrikli kaps\u00fcl<\/th>\n<th>Class I<\/th>\n<th>Class II<\/th>\n<\/tr>\n<\/thead>\n<tbody>\n<tr>\n<td>\u00c7al\u0131\u015fma gerilimi<\/td>\n<td>400 &#8211; 430 V<\/td>\n<td>400 &#8211; 430 V<\/td>\n<\/tr>\n<tr>\n<td>Normal limit direnci<\/td>\n<td>255 \u03a9<\/td>\n<td>80 \u03a9<\/td>\n<\/tr>\n<tr>\n<td>Limit diren\u00e7 ak\u0131m\u0131<\/td>\n<td>>1,2 A<\/td>\n<td>>2,5 A<\/td>\n<\/tr>\n<tr>\n<td>Ate\u015fleme enerjisi<\/td>\n<td>&gt;1,88 J<\/td>\n<td>&gt;1,88 J<\/td>\n<\/tr>\n<tr>\n<td>Kapasite<\/td>\n<td>23,5 \u03bcF<\/td>\n<td>23,5 \u03bcF<\/td>\n<\/tr>\n<tr>\n<td>Dahili diren\u00e7<\/td>\n<td>10 \u03a9<\/td>\n<td>10 \u03a9<\/td>\n<\/tr>\n<tr>\n<td>Ate\u015fleme yetisi<\/td>\n<td>&gt;130 EK<\/td>\n<td>&gt;80 EK<\/td>\n<\/tr>\n<tr>\n<td>G\u00fc\u00e7 kayna\u011f\u0131<\/td>\n<td>9 V<\/td>\n<td><\/td>\n<\/tr>\n<tr>\n<td>\u015earj s\u00fcresi<\/td>\n<td>&lt;10 s<\/td>\n<td><\/td>\n<\/tr>\n<tr>\n<td>Ebat<\/td>\n<td>217 x 80 x 46 mm<\/td>\n<td><\/td>\n<\/tr>\n<tr>\n<td>A\u011f\u0131rl\u0131k<\/td>\n<td>1,7 kg<\/td>\n<td><\/td>\n<\/tr>\n<tr>\n<td>\u00c7al\u0131\u015fma s\u0131cakl\u0131\u011f\u0131<\/td>\n<td>-10 \u00b0C ila +40 \u00b0C<\/td>\n<td><\/td>\n<\/tr>\n<tr>\n<td>Stok s\u0131cakl\u0131\u011f\u0131<\/td>\n<td>-40 \u00b0C ila +70 \u00b0C<\/td>\n<td><\/td>\n<\/tr>\n<tr>\n<td>Patlama korumas\u0131<\/td>\n<td>I M2 Ex e ib mb I Mb<\/td>\n<td><\/td>\n<\/tr>\n<tr>\n<td>Koruma<\/td>\n<td>IP54<\/td>\n<td><\/td>\n<\/tr>\n<\/tbody>\n<\/table>\n<\/div>\n<p><\/p><\/div>\n<div class=\"panel\" id=\"panel3503680582\"><p><\/p>\n<div class=\"custom-table-1\">\n<table width=\"100%\">\n<col width=\"50%\">\n<col width=\"25%\">\n<col width=\"25%\">\n<thead>\n<tr>\n<th>Elektrikli kaps\u00fcl<\/th>\n<th>Class I<\/th>\n<th>Class II<\/th>\n<\/tr>\n<\/thead>\n<tbody>\n<tr>\n<td>\u00c7al\u0131\u015fma gerilimi<\/td>\n<td>600-630 V<\/td>\n<td>600-630 V<\/td>\n<\/tr>\n<tr>\n<td>Normal limit direnci<\/td>\n<td>350 \u03a9<\/td>\n<td>90 \u03a9<\/td>\n<\/tr>\n<tr>\n<td>Limit diren\u00e7 ak\u0131m\u0131<\/td>\n<td>&gt;1.2 A<\/td>\n<td>&gt;2.5 A<\/td>\n<\/tr>\n<tr>\n<td>Ate\u015fleme enerjisi<\/td>\n<td>&gt;1.98 J<\/td>\n<td>&gt;1.98 J<\/td>\n<\/tr>\n<tr>\n<td>Kapasite<\/td>\n<td>11.0 \u03bcF<\/td>\n<td>11.0 \u03bcF<\/td>\n<\/tr>\n<tr>\n<td>Dahili diren\u00e7<\/td>\n<td>10 \u03a9<\/td>\n<td>10 \u03a9<\/td>\n<\/tr>\n<tr>\n<td>Ate\u015fleme yetisi<\/td>\n<td>&gt;178 EK<\/td>\n<td>&gt;92 EK<\/td>\n<\/tr>\n<tr>\n<td>G\u00fc\u00e7 kayna\u011f\u0131<\/td>\n<td>9 V<\/td>\n<td><\/td>\n<\/tr>\n<tr>\n<td>\u015earj s\u00fcresi<\/td>\n<td>&lt;10 s<\/td>\n<td><\/td>\n<\/tr>\n<tr>\n<td>Ebat<\/td>\n<td>115 x 67 x 32 mm<\/td>\n<td><\/td>\n<\/tr>\n<tr>\n<td>A\u011f\u0131rl\u0131k<\/td>\n<td>1,7 kg<\/td>\n<td><\/td>\n<\/tr>\n<tr>\n<td>\u00c7al\u0131\u015fma s\u0131cakl\u0131\u011f\u0131<\/td>\n<td>-10 \u00b0C ila +40 \u00b0C<\/td>\n<td><\/td>\n<\/tr>\n<tr>\n<td>Stok s\u0131cakl\u0131\u011f\u0131<\/td>\n<td>-40 \u00b0C ila +70 \u00b0C<\/td>\n<td><\/td>\n<\/tr>\n<tr>\n<td>Patlama korumas\u0131<\/td>\n<td>I M2 e ib mb Ex Mb<\/td>\n<td><\/td>\n<\/tr>\n<tr>\n<td>Koruma<\/td>\n<td>IP54<\/td>\n<td><\/td>\n<\/tr>\n<\/tbody>\n<\/table>\n<\/div>\n<p><\/p><\/div>\n<div class=\"panel\" id=\"panel3503680583\"><p><\/p>\n<div class=\"custom-table-1\">\n<table width=\"100%\">\n<col width=\"50%\">\n<col width=\"25%\">\n<col width=\"25%\">\n<thead>\n<tr>\n<th>Number of series<\/th>\n<th>Single line of EK<\/th>\n<th>Two parallel series of EK<\/th>\n<\/tr>\n<\/thead>\n<tbody>\n<tr>\n<td>\u00c7al\u0131\u015fma gerilimi<\/td>\n<td>650 &#8211; 680 V<\/td>\n<td>650 &#8211; 680 V<\/td>\n<\/tr>\n<tr>\n<td>Ate\u015fleme enerjisi<\/td>\n<td>&gt;4,96 J<\/td>\n<td>&gt;4,96 J<\/td>\n<\/tr>\n<tr>\n<td>Kapasite<\/td>\n<td>23,5 \u03bcF<\/td>\n<td>23,5 \u03bcF<\/td>\n<\/tr>\n<tr>\n<td>Dahili diren\u00e7<\/td>\n<td>10 \u03a9<\/td>\n<td>10 \u03a9<\/td>\n<\/tr>\n<tr>\n<td>Nominal limit direnci <span class=\"tooltips\"><a href=\"#\" rel=\"tooltip\" title=\"K = 3 mJ\/\u03a9\"><\/a><\/span>(Class I EK)<\/td>\n<td>440 \u03a9<\/td>\n<td>170 \u03a9<\/td>\n<\/tr>\n<tr>\n<td>Limit diren\u00e7 ak\u0131m\u0131 (Class I EK)<\/td>\n<td>&gt;1.20 A<\/td>\n<td>&gt;2.40 A<\/td>\n<\/tr>\n<tr>\n<td>Ate\u015fleme yetisi (Class I EK)<\/td>\n<td>225 EK<\/td>\n<td>338 EK<\/td>\n<\/tr>\n<tr>\n<td>Nominal limit direnci <span class=\"tooltips\"><a href=\"#\" rel=\"tooltip\" title=\"K = 16 mJ\/\u03a9\"><\/a><\/span>(Class II EK)<\/td>\n<td>170 \u03a9<\/td>\n<td>N\/A<\/td>\n<\/tr>\n<tr>\n<td>Limit diren\u00e7 ak\u0131m\u0131 (Class II EK)<\/td>\n<td>&gt;2,5 A<\/td>\n<td>N\/A<\/td>\n<\/tr>\n<tr>\n<td>Ate\u015fleme yetisi (Class II EK)<\/td>\n<td>179 EK<\/td>\n<td>N\/A<\/td>\n<\/tr>\n<tr>\n<td>G\u00fc\u00e7 kayna\u011f<\/td>\n<td>9 V<\/td>\n<td><\/td>\n<\/tr>\n<tr>\n<td>\u015earj s\u00fcresi<\/td>\n<td>&lt;10 s<\/td>\n<td><\/td>\n<\/tr>\n<tr>\n<td>Ebat<\/td>\n<td>217 x 80 x 46 mm<\/td>\n<td><\/td>\n<\/tr>\n<tr>\n<td>A\u011f\u0131rl\u0131k<\/td>\n<td>1,7 kg<\/td>\n<td><\/td>\n<\/tr>\n<tr>\n<td>\u00c7al\u0131\u015fma s\u0131cakl\u0131\u011f\u0131<\/td>\n<td>-10 \u00b0C ila +40 \u00b0C<\/td>\n<td><\/td>\n<\/tr>\n<tr>\n<td>Stok s\u0131cakl\u0131\u011f\u0131<\/td>\n<td>-40 \u00b0C ila +70 \u00b0C<\/td>\n<td><\/td>\n<\/tr>\n<tr>\n<td>Patlama korumas\u0131<\/td>\n<td>I M2 e ib mb Ex Mb<\/td>\n<td><\/td>\n<\/tr>\n<td>Koruma<\/td>\n<td>IP54<\/td>\n<td><\/td>\n<\/tr>\n<\/tbody>\n<\/table>\n<\/div>\n<p><\/p><\/div>\n<div class=\"panel\" id=\"panel3503680584\"><p>\n<div class=\"custom-table-1\">\n<table width=\"100%\">\n<col width=\"40%\">\n<col width=\"20%\">\n<col width=\"20%\">\n<col width=\"20%\">\n<thead>\n<tr>\n<th>Number of series<\/th>\n<th>Single line of EK<\/th>\n<th>Two parallel series of EK<\/th>\n<th>Three parallel series of EK<\/th>\n<\/tr>\n<\/thead>\n<tbody>\n<tr>\n<td>\u00c7al\u0131\u015fma gerilimi<\/td>\n<td>650 &#8211; 680 V <\/td>\n<td>650 &#8211; 680 V<\/td>\n<td>650 &#8211; 680 V<\/td>\n<\/tr>\n<tr>\n<td>Ate\u015fleme enerjisi<\/td>\n<td>&gt; 10,56 J<\/td>\n<td>&gt; 10,56 J<\/td>\n<td>&gt; 10,56 J<\/td>\n<\/tr>\n<tr>\n<td>Kapasite<\/td>\n<td>50,0 \u03bcF<\/td>\n<td>50,0 \u03bcF<\/td>\n<td>50,0 \u03bcF<\/td>\n<\/tr>\n<tr>\n<td>Dahili diren\u00e7<\/td>\n<td>10 \u03a9<\/td>\n<td>10 \u03a9<\/td>\n<td>10 \u03a9<\/td>\n<\/tr>\n<tr>\n<td>Nominal limit direnci <span class=\"tooltips\"><a href=\"#\" rel=\"tooltip\" title=\"K = 3 mJ\/\u03a9\"><\/a><\/span>(Class I EK)<\/td>\n<td>460 \u03a9<\/td>\n<td>195 \u03a9<\/td>\n<td>110 \u03a9<\/td>\n<\/tr>\n<tr>\n<td>Limit diren\u00e7 ak\u0131m\u0131 (Class I EK)<\/td>\n<td>&gt;1,2 A<\/td>\n<td>&gt;2,4 A<\/td>\n<td>&gt;3,6 A<\/td>\n<\/tr>\n<tr>\n<td>Ate\u015fleme yetisi (Class I EK)<\/td>\n<td>238 EK<\/td>\n<td>391 EK<\/td>\n<td>466 EK<\/td>\n<\/tr>\n<tr>\n<td>Nominal limit direnci <span class=\"tooltips\"><a href=\"#\" rel=\"tooltip\" title=\"K = 16 mJ\/\u03a9\"><\/a><\/span>(Class II EK)<\/td>\n<td>200 \u03a9<\/td>\n<td>72 \u03a9<\/td>\n<td>N\/A<\/td>\n<\/tr>\n<tr>\n<td>Limit diren\u00e7 ak\u0131m\u0131 (Class II EK)<\/td>\n<td>&gt;2.5 A<\/td>\n<td>&gt;5.0 A<\/td>\n<td>N\/A<\/td>\n<\/tr>\n<tr>\n<td>Ate\u015fleme yetisi (Class II EK)<\/td>\n<td>213 EK<\/td>\n<td>278 EK<\/td>\n<td>N\/A<\/td>\n<\/tr>\n<tr>\n<td>G\u00fc\u00e7 kayna\u011f<\/td>\n<td>9 V<\/td>\n<td>9 V<\/td>\n<td><\/td>\n<\/tr>\n<tr>\n<td>\u015earj s\u00fcresi<\/td>\n<td>&lt;10 s<\/td>\n<td>&lt;10 s<\/td>\n<td><\/td>\n<\/tr>\n<tr>\n<td>Ebat<\/td>\n<td>115 x 67 x 32 mm<\/td>\n<td><\/td>\n<td><\/td>\n<\/tr>\n<tr>\n<td>A\u011f\u0131rl\u0131k<\/td>\n<td>1,7 kg<\/td>\n<td><\/td>\n<td><\/td>\n<\/tr>\n<tr>\n<td>\u00c7al\u0131\u015fma s\u0131cakl\u0131\u011f\u0131<\/td>\n<td>-10 \u00b0C ila +40 \u00b0C<\/td>\n<td><\/td>\n<td><\/td>\n<\/tr>\n<tr>\n<td>Stok s\u0131cakl\u0131\u011f\u0131<\/td>\n<td>-40 \u00b0C ila +70 \u00b0C<\/td>\n<td><\/td>\n<td><\/td>\n<\/tr>\n<tr>\n<td>Patlama korumas\u0131<\/td>\n<td>I M2 e ib mb Ex Mb<\/td>\n<td><\/td>\n<\/tr>\n<tr>\n<td>Koruma<\/td>\n<td>IP54<\/td>\n<td><\/td>\n<td><\/td>\n<\/tr>\n<\/tbody>\n<\/table>\n<\/div>\n<p><\/p><\/div><\/div><\/div><\/p>","protected":false},"excerpt":{"rendered":"<p>[rev_slider ekamd_tr] EKA MD serisi manyetolar\u0131, metan emisyonu bulunan ortamlarda kullan\u0131lmaya uygun mikroi\u015flemcili cihazlard\u0131r Tan\u0131m EKA MD serisi anti\u2013grizu performans\u0131 i\u00e7in mikroi\u015flemci ile kontrol edilen ate\u015fleme manyetosudur. Mikroi\u015flemci en y\u00fcksek\u2026 <a href=\"http:\/\/www.trioblasting.com\/tr\/blasting-machines\/eka-md-series\/\" class=\"read-more-link\">read more &rarr;<\/a><\/p>\n","protected":false},"author":3,"featured_media":0,"parent":21,"menu_order":0,"comment_status":"closed","ping_status":"closed","template":"page-fullwidth.php","meta":[],"_links":{"self":[{"href":"http:\/\/www.trioblasting.com\/tr\/wp-json\/wp\/v2\/pages\/48"}],"collection":[{"href":"http:\/\/www.trioblasting.com\/tr\/wp-json\/wp\/v2\/pages"}],"about":[{"href":"http:\/\/www.trioblasting.com\/tr\/wp-json\/wp\/v2\/types\/page"}],"author":[{"embeddable":true,"href":"http:\/\/www.trioblasting.com\/tr\/wp-json\/wp\/v2\/users\/3"}],"replies":[{"embeddable":true,"href":"http:\/\/www.trioblasting.com\/tr\/wp-json\/wp\/v2\/comments?post=48"}],"version-history":[{"count":114,"href":"http:\/\/www.trioblasting.com\/tr\/wp-json\/wp\/v2\/pages\/48\/revisions"}],"predecessor-version":[{"id":3208,"href":"http:\/\/www.trioblasting.com\/tr\/wp-json\/wp\/v2\/pages\/48\/revisions\/3208"}],"up":[{"embeddable":true,"href":"http:\/\/www.trioblasting.com\/tr\/wp-json\/wp\/v2\/pages\/21"}],"wp:attachment":[{"href":"http:\/\/www.trioblasting.com\/tr\/wp-json\/wp\/v2\/media?parent=48"}],"curies":[{"name":"wp","href":"https:\/\/api.w.org\/{rel}","templated":true}]}}