{"id":34,"date":"2014-11-05T19:23:06","date_gmt":"2014-11-05T19:23:06","guid":{"rendered":"http:\/\/www.trioblasting.com\/?page_id=34"},"modified":"2016-05-27T08:55:28","modified_gmt":"2016-05-27T06:55:28","slug":"eka-350-series","status":"publish","type":"page","link":"https:\/\/www.trioblasting.com\/tr\/blasting-machines\/eka-350-series\/","title":{"rendered":"EKA 350 SER\u0130S\u0130"},"content":{"rendered":"<p>[rev_slider eka350_en]<\/p>\n<div class=\"gap\" style=\"height: 20px;\"><\/div>\n<div class=\"section \" style=\"background-color: #ffffff; border: none; padding: ; \">\n<div class=\"container clearfix\">\n<div class=\"sixteen columns\">\n<div class=\"description clearfix style-1\">\n<h4><span class=\"iconbox-info\"><\/span>EKA 350\u2122, t\u00fcm d\u00fcnyada on y\u0131ldan uzun s\u00fcredir G\u00fcvenli hi\u00e7 ar\u0131za yapmadan \u00e7al\u0131\u015fan en pop\u00fcler cihaz\u0131m\u0131zd\u0131r.<\/h4>\n<\/div>\n<div class=\"two_third\">\n<h3>Tan\u0131m<\/h3>\n<p>EKA 350\u2122, mevcut olan en g\u00fcvenilir patlatma y\u00f6ntemini sa\u011flayan kapasit\u00f6r de\u015farj (CD) cihaz\u0131d\u0131r. K\u00fc\u00e7\u00fck boyutu avucunuza s\u0131\u011fmas\u0131n\u0131 sa\u011flar. EKA 350SE tasar\u0131m\u0131 daha fazla enerji ve y\u00fcksek gerilim sa\u011flamak amac\u0131yla geli\u015ftirilmi\u015ftir.<\/p>\n<h3>Ate\u015fleme \u00f6zelli\u011fi<\/h3>\n<p>Tek bir EKA 350 cihaz\u0131 (0,6 mm 2 bak\u0131r kablo dengi) 150 m&#8217;lik askeri ileti\u015fim kablosu bobininden olu\u015fan tek bir seriye 120 standart (2 \u03a9) elektrikli kaps\u00fcl ate\u015fleyebilirken, EKA 350SE iki paralel seride 200&#8217;den fazla EBC ate\u015fleyebilmektedir. Standart, yeni bir alkalin pil minimum 1000  defa kullan\u0131m saglar.<\/p>\n<h3>G\u00fcvenlik<\/h3>\n<p>EKA 350\u2122 modellerinde, patlatma devresi ar\u0131zaland\u0131\u011f\u0131nda veya istenen gerilime ula\u015f\u0131lamad\u0131\u011f\u0131nda cihaz\u0131n ate\u015fleme yapmas\u0131n\u0131 engelleyen bir g\u00fcvenlik sistemi bulunur.Manyeto i\u00e7erisinde tetikleyicilerin ve ate\u015fleme hatlar\u0131n\u0131n devaml\u0131l\u0131\u011f\u0131n\u0131n g\u00fcvenle kontrol edilmesini sa\u011flayan bir \u0130mha G\u00fcvenlik I\u015f\u0131\u011f\u0131 (DSL; Demolition Safety Light) bulunur.<br \/>\nEKA 350\u2122, masrafl\u0131 test ekipmanlar\u0131na ve zaman al\u0131c\u0131 incelemelere gerek b\u0131rakmay\u0131p, kendini test etme \u00f6zelli\u011fi sa\u011flamaktad\u0131r.Cihaz, i\u00e7erisinde hi\u00e7bir metal par\u00e7a olmad\u0131\u011f\u0131ndan dolay\u0131 mekanik ar\u0131za ihtimali ta\u015f\u0131mayan manyetik anahtar ile \u00e7al\u0131\u015ft\u0131r\u0131lmaktad\u0131r. <\/p>\n<h3>Mekanik koruma<\/h3>\n<p>Cihaz\u0131n muhafazas\u0131 olduk\u00e7a dayan\u0131kl\u0131 olmakla beraber krom nikel \u00e7elikten imal edilmi\u015ftir. T\u00fcm di\u011fer metal k\u0131s\u0131mlar sert sanayi alt\u0131n\u0131 ile galvanize edilmi\u015ftir; bu da t\u00fcm muhafazan\u0131n \u00e7evre \u015fartlar\u0131na dayan\u0131kl\u0131 olmas\u0131n\u0131 sa\u011flamakla birlikte y\u00fcksek seviyede mekanik koruma ve iyi bir iletkenlik sa\u011flamaktad\u0131r. Elektronik bile\u015fenler \u00f6zel bir malzeme kullan\u0131larak yekpare bir bloktan yap\u0131lm\u0131\u015ft\u0131r.<\/p>\n<h3>Seri Ba\u011flant\u0131lar<\/h3>\n<p>Cihaz\u0131n muhafazas\u0131 olduk\u00e7a dayan\u0131kl\u0131 olmakla beraber krom nikel \u00e7elikten imal edilmi\u015ftir. T\u00fcm di\u011fer metal k\u0131s\u0131mlar sert sanayi alt\u0131n\u0131 ile galvanize edilmi\u015ftir; bu da t\u00fcm muhafazan\u0131n \u00e7evre \u015fartlar\u0131na dayan\u0131kl\u0131 olmas\u0131n\u0131 sa\u011flamakla birlikte y\u00fcksek seviyede mekanik koruma ve iyi bir iletkenlik sa\u011flamaktad\u0131r. Elektronik bile\u015fenler \u00f6zel bir malzeme kullan\u0131larak yekpare bir bloktan yap\u0131lm\u0131\u015ft\u0131r.\n<\/p><\/div>\n<div class=\"one_third last\">\n<span class=\"responsive\"><br \/>\n<img loading=\"lazy\" class=\"size-full wp-image-2408\" src=\"http:\/\/www.trioblasting.com\/wp-content\/uploads\/ss_EKA350HDR.jpg\" alt=\"EKA 350 blasting machine\" width=\"405\" height=\"300\" srcset=\"https:\/\/www.trioblasting.com\/wp-content\/uploads\/ss_EKA350HDR.jpg 405w, https:\/\/www.trioblasting.com\/wp-content\/uploads\/ss_EKA350HDR-300x222.jpg 300w\" sizes=\"(max-width: 405px) 100vw, 405px\" \/><br \/>\n<\/span><\/p>\n<h3>Genel ama\u00e7lar<\/h3>\n<div class=\"toggle\">\n<div class=\"toggle-title \"><i class='icon-check'><\/i>Commercial or military<span><\/span><\/div>\n<div class=\"toggle-inner\">\n<p>EKA 350 is used both for commercial purposes, as well by security and armed forces<\/p>\n<\/div>\n<\/div>\n<div class=\"toggle\">\n<div class=\"toggle-title \"><i class='icon-check'><\/i>De-mining programs<span><\/span><\/div>\n<div class=\"toggle-inner\">\n<p>Humanitarian organizations and mine clearance agencies use our EKA 350 blasting machine in removal of land mines and unexploded ordnance (UXO) operations<\/p>\n<\/div>\n<\/div>\n<div class=\"toggle\">\n<div class=\"toggle-title \"><i class='icon-check'><\/i>Surface blasting<span><\/span><\/div>\n<div class=\"toggle-inner\">\n<p>EKA 350 is often used in light quarrying applications, to initiate detonating cords or shock-tubes<\/p>\n<\/div>\n<\/div>\n<div class=\"toggle\">\n<div class=\"toggle-title \"><i class='icon-check'><\/i>Underground mining<span><\/span><\/div>\n<div class=\"toggle-inner\">\n<p>EKA 350 is an ideal choice for underground metals mining<\/p>\n<\/div>\n<\/div>\n<div class=\"toggle\">\n<div class=\"toggle-title \"><i class='icon-check'><\/i>Construction blasting<span><\/span><\/div>\n<div class=\"toggle-inner\">\n<p> EKA 350 is right choice for road-building and light tunneling applications. For more power, you can always serially connect 2 EKA 350 blasting machines.<\/p>\n<\/div>\n<\/div>\n<p><a href=\"http:\/\/www.trioblasting.com\/download\/catalogs\/tr\/EKA_350_TR.pdf\" target=\"_blank\" class=\" button red medium\" rel=\"slides[buttonlightbox]\"><i class='icon-download-alt'><\/i>E-Bro\u015f\u00fcr indirin<\/a><\/p>\n<\/div>\n<div class=\"clear\"><\/div>\n<div class=\"hr hr1\" style='margin:20px 0 20px 0 !important;'><\/div>\n\t\t\t<div class=\"rgg-imagegrid \" rgg_id=\"2\">\r\n\t\t\t\t\r\n\t<a class=\"rgg-a\" rel=\"rgg\" href=\"https:\/\/www.trioblasting.com\/wp-content\/uploads\/EKA350_in_hand.jpg\" title=\"EKA 350 Blasting Machine in Hand\"><img width=\"243\" height=\"300\" src=\"https:\/\/www.trioblasting.com\/wp-content\/uploads\/EKA350_in_hand-243x300.jpg\" class=\"attachment-medium size-medium\" alt=\"EKA 350 Blasting Machine in Hand\" loading=\"lazy\" srcset=\"https:\/\/www.trioblasting.com\/wp-content\/uploads\/EKA350_in_hand-243x300.jpg 243w, https:\/\/www.trioblasting.com\/wp-content\/uploads\/EKA350_in_hand.jpg 390w\" sizes=\"(max-width: 243px) 100vw, 243px\" \/><\/a><a class=\"rgg-a\" rel=\"rgg\" href=\"https:\/\/www.trioblasting.com\/wp-content\/uploads\/EKA350_belt0.jpg\" title=\"EKA 350 Blasting Machine on the Belt\"><img width=\"300\" height=\"294\" src=\"https:\/\/www.trioblasting.com\/wp-content\/uploads\/EKA350_belt0-300x294.jpg\" class=\"attachment-medium size-medium\" alt=\"EKA 350 Blasting Machine on the Belt\" loading=\"lazy\" srcset=\"https:\/\/www.trioblasting.com\/wp-content\/uploads\/EKA350_belt0-300x294.jpg 300w, https:\/\/www.trioblasting.com\/wp-content\/uploads\/EKA350_belt0-60x60.jpg 60w, https:\/\/www.trioblasting.com\/wp-content\/uploads\/EKA350_belt0.jpg 480w\" sizes=\"(max-width: 300px) 100vw, 300px\" \/><\/a><a class=\"rgg-a\" rel=\"rgg\" href=\"https:\/\/www.trioblasting.com\/wp-content\/uploads\/EKA350_harness_0.jpg\" title=\"EKA 350 Blasting Machine on Harness\"><img width=\"218\" height=\"300\" src=\"https:\/\/www.trioblasting.com\/wp-content\/uploads\/EKA350_harness_0-218x300.jpg\" class=\"attachment-medium size-medium\" alt=\"EKA 350 Blasting Machine on Harness\" loading=\"lazy\" srcset=\"https:\/\/www.trioblasting.com\/wp-content\/uploads\/EKA350_harness_0-218x300.jpg 218w, https:\/\/www.trioblasting.com\/wp-content\/uploads\/EKA350_harness_0.jpg 350w\" sizes=\"(max-width: 218px) 100vw, 218px\" \/><\/a><a class=\"rgg-a\" rel=\"rgg\" href=\"https:\/\/www.trioblasting.com\/wp-content\/uploads\/EKA350_harness_1.jpg\" title=\"EKA 350 Blasting Machine on Harness\"><img width=\"300\" height=\"202\" src=\"https:\/\/www.trioblasting.com\/wp-content\/uploads\/EKA350_harness_1-300x202.jpg\" class=\"attachment-medium size-medium\" alt=\"EKA 350 blasting machine on harness\" loading=\"lazy\" srcset=\"https:\/\/www.trioblasting.com\/wp-content\/uploads\/EKA350_harness_1-300x202.jpg 300w, https:\/\/www.trioblasting.com\/wp-content\/uploads\/EKA350_harness_1.jpg 710w\" sizes=\"(max-width: 300px) 100vw, 300px\" \/><\/a><a class=\"rgg-a\" rel=\"rgg\" href=\"https:\/\/www.trioblasting.com\/wp-content\/uploads\/EKA350_in_serial_connection.jpg\" title=\"Three EKA 350 blasting machines in serial connection\"><img width=\"298\" height=\"234\" src=\"https:\/\/www.trioblasting.com\/wp-content\/uploads\/EKA350_in_serial_connection.jpg\" class=\"attachment-medium size-medium\" alt=\"Three EKA 350 blasting machines in serial connection\" loading=\"lazy\" \/><\/a>\t\t\t<\/div>\r\n\t\t\t<div style=\"clear:both\"><\/div>\r\n\t\n<h3>Teknik \u00f6zellikler<\/h3>\n<div class=\"tabset tabstyle-horizontal clearfix\"><ul class=\"tabs\"><li class=\"tab\"><a href=\"#panel15372196811\"><i class=\"icon-file\"><\/i>EKA 350<\/a><\/li>\n<li class=\"tab\"><a href=\"#panel15372196812\"><i class=\"icon-file\"><\/i>EKA 350SE<\/a><\/li>\n<li class=\"tab\"><a href=\"#panel15372196813\"><i class=\"icon-file\"><\/i>EKA 350SE (parallel EBC series)<\/a><\/li><\/ul><div class=\"panels\"><div class=\"panel\" id=\"panel15372196811\"><p><\/p>\n<div class=\"custom-table-1\">\n<table width=\"100%\">\n<col width=\"50%\">\n<col width=\"25%\">\n<col width=\"25%\">\n<thead>\n<tr>\n<th>Number of devices<\/th>\n<th>Single<\/th>\n<th>Two<\/th>\n<\/tr>\n<\/thead>\n<tbody>\n<tr>\n<td>\u00c7al\u0131\u015fma gerilimi<\/td>\n<td>350-380 V<\/td>\n<td>700-760 V<\/td>\n<\/tr>\n<tr>\n<td>Ate\u015fleme enerjisi<\/td>\n<td>&gt;1,34 J<\/td>\n<td>&gt;2,68 J<\/td>\n<\/tr>\n<tr>\n<td>Kapasite<\/td>\n<td>22,0 uF<\/td>\n<td>11,0 uF<\/td>\n<\/tr>\n<tr>\n<td>\u0130\u00e7 diren\u00e7<\/td>\n<td>4,7 \u03a9<\/td>\n<td>9,4 \u03a9<\/td>\n<\/tr>\n<tr>\n<td>Nominal limit direnci (Class I EK) <span class=\"tooltips\"><a href=\"#\" rel=\"tooltip\" title=\"Firing impulse: K = 3 mJ\/\u03a9\">(Class I EK)<\/a><\/span><\/td>\n<td>220 \u03a9<\/td>\n<td>444 \u03a9<\/td>\n<\/tr>\n<tr>\n<td>Limit diren\u00e7 ak\u0131m\u0131 (Class I EK)<\/td>\n<td>&gt;1,2 A<\/td>\n<td>&gt;1,2 A<\/td>\n<\/tr>\n<tr>\n<tr>\n<td>Ate\u015fleme yetisi (Class I EK)<\/td>\n<td>&gt;112 EK<\/td>\n<td>&gt;229 EK<\/td>\n<\/tr>\n<tr>\n<td>Nominal limit direnci (Class II EK)<\/td>\n<td>65 \u03a9<\/td>\n<td>134 \u03a9<\/td>\n<\/tr>\n<tr>\n<td>Limit diren\u00e7 ak\u0131m\u0131 (Class II EBC)<\/td>\n<td>&gt;2,5 A<\/td>\n<td>&gt;2,5 A<\/td>\n<\/tr>\n<tr>\n<td>Ate\u015fleme yetisi (Class II EBC)<\/td>\n<td>&gt;64 EK<\/td>\n<td>&gt;139 EK<\/td>\n<\/tr>\n<tr>\n<td>G\u00fc\u00e7 kayna\u011f\u0131<\/td>\n<td colspan=\"2\">9 V<\/td>\n<\/tr>\n<tr>\n<td>\u015earj s\u00fcresi<\/td>\n<td colspan=\"2\">&lt;10 s<\/td>\n<\/tr>\n<tr>\n<td>Ebat<\/td>\n<td colspan=\"2\">115 x 67 x 32 mm<\/td>\n<\/tr>\n<tr>\n<td>A\u011f\u0131rl\u0131k<\/td>\n<td colspan=\"2\">ca. 600 g<\/td>\n<\/tr>\n<tr>\n<td>\u00c7al\u0131\u015fma s\u0131cakl\u0131\u011f\u0131<\/td>\n<td colspan=\"2\">-20 \u00b0C ila +55 \u00b0C<\/td>\n<\/tr>\n<tr>\n<td>Stok s\u0131cakl\u0131\u011f\u0131<\/td>\n<td colspan=\"2\">-40 \u00b0C ila +70 \u00b0C<\/td>\n<\/tr>\n<tr>\n<td>Koruma<\/td>\n<td colspan=\"2\">IP65<\/td>\n<\/tr>\n<\/tbody>\n<\/table>\n<\/div>\n<p><\/p><\/div>\n<div class=\"panel\" id=\"panel15372196812\"><p><\/p>\n<div class=\"custom-table-1\">\n<table width=\"100%\">\n<col width=\"50%\">\n<col width=\"25%\">\n<col width=\"25%\">\n<thead>\n<tr>\n<th>Number of devices<\/th>\n<th>Single<\/th>\n<th>Two<\/th>\n<\/tr>\n<\/thead>\n<tbody>\n<tr>\n<td>\u00c7al\u0131\u015fma gerilimi<\/td>\n<td>400 V<\/td>\n<td>800 V<\/td>\n<\/tr>\n<tr>\n<td>Ate\u015fleme enerjisi<\/td>\n<td>&gt;5,44 J<\/td>\n<td>&gt;10,88 J<\/td>\n<\/tr>\n<tr>\n<td>Kapasite<\/td>\n<td>68,0 uF<\/td>\n<td>34,0 uF<\/td>\n<\/tr>\n<tr>\n<td>\u0130\u00e7 diren\u00e7<\/td>\n<td>4,7 \u03a9<\/td>\n<td>9,4 \u03a9<\/td>\n<\/tr>\n<tr>\n<td>Nominal limit direnci (Class I EK)<\/td>\n<td>270 \u03a9<\/td>\n<td>540 \u03a9<\/td>\n<\/tr>\n<tr>\n<td>Limit diren\u00e7 ak\u0131m\u0131 (Class I EK)<\/td>\n<td>&gt;1,2 A<\/td>\n<td>&gt;1,2 A<\/td>\n<\/tr>\n<tr>\n<td>Firing ability (Class I EBC)<\/td>\n<td>&gt;137 EK<\/td>\n<td>&gt;279 EK<\/td>\n<\/tr>\n<tr>\n<tr>\n<td>Ate\u015fleme yetisi (Class I EK)<\/td>\n<td>115 \u03a9<\/td>\n<td>230 \u03a9<\/td>\n<\/tr>\n<tr>\n<td>Limit diren\u00e7 ak\u0131m\u0131 (Class II EK)<\/td>\n<td>&gt;2,5 A<\/td>\n<td>&gt;2,5 A<\/td>\n<\/tr>\n<tr>\n<td>Ate\u015fleme yetisi (Class II EK)<\/td>\n<td>&gt;117 EK<\/td>\n<td>&gt;247 EK<\/td>\n<\/tr>\n<tr>\n<tr>\n<td>G\u00fc\u00e7 kayna\u011f\u0131<\/td>\n<td colspan=\"2\">9 V<\/td>\n<\/tr>\n<tr>\n<td>\u015earj s\u00fcresi<\/td>\n<td colspan=\"2\">&lt;20 s<\/td>\n<\/tr>\n<tr>\n<td>Ebat<\/td>\n<td colspan=\"2\">115 x 67 x 32 mm<\/td>\n<\/tr>\n<tr>\n<td>A\u011f\u0131rl\u0131k<\/td>\n<td colspan=\"2\">ca. 600 g<\/td>\n<\/tr>\n<tr>\n<td>\u00c7al\u0131\u015fma s\u0131cakl\u0131\u011f\u0131<\/td>\n<td colspan=\"2\">-20 \u00b0C ila +55 \u00b0C<\/td>\n<\/tr>\n<tr>\n<td>Stok s\u0131cakl\u0131\u011f\u0131<\/td>\n<td colspan=\"2\">-40 \u00b0C ila +70 \u00b0C<\/td>\n<\/tr>\n<tr>\n<td>Koruma<\/td>\n<td colspan=\"2\">IP65<\/td>\n<\/tr>\n<\/tbody>\n<\/table>\n<\/div>\n<p><\/p><\/div>\n<div class=\"panel\" id=\"panel15372196813\"><p><\/p>\n<div class=\"custom-table-1\">\n<table width=\"100%\">\n<col width=\"40%\">\n<col width=\"20%\">\n<col width=\"20%\">\n<col width=\"20%\">\n<thead>\n<tr>\n<th>Number of series<\/th>\n<th>Single line of EK<\/th>\n<th>Two parallel series of EK<\/th>\n<th>Three parallel series of EK<\/th>\n<\/tr>\n<tbody>\n<tr>\n<td>\u00c7al\u0131\u015fma gerilimi<\/td>\n<td>400 V<\/td>\n<td>400 V<\/td>\n<td>400 V<\/td>\n<\/tr>\n<tr>\n<td>Ate\u015fleme enerjisi<\/td>\n<td>&gt;5,44 J<\/td>\n<td>&gt;5,44 J<\/td>\n<td>&gt;5,44 J<\/td>\n<\/tr>\n<tr>\n<td>Kapasite<\/td>\n<td>68 uF<\/td>\n<td>68 uF<\/td>\n<td>68 uF<\/td>\n<\/tr>\n<tr>\n<td>\u0130\u00e7 diren\u00e7<\/td>\n<td>4,7 \u03a9<\/td>\n<td>4,7 \u03a9<\/td>\n<td>4,7 \u03a9<\/td>\n<\/tr>\n<tr>\n<td>Nominal limit direnci (Class I EK)<\/td>\n<td>270 \u03a9<\/td>\n<td>113 \u03a9<\/td>\n<td>61 \u03a9<\/td>\n<\/tr>\n<tr>\n<td>Limit diren\u00e7 ak\u0131m\u0131 (Class I EK)<\/td>\n<td>&gt;1,20 A<\/td>\n<td>&gt;2,40 A<\/td>\n<td>&gt;3,60 A<\/td>\n<\/tr>\n<tr>\n<td>Ate\u015fleme yetisi (Class I EK)<\/td>\n<td>137 EK<\/td>\n<td>217 EK<\/td>\n<td>242 EK<\/td>\n<\/tr>\n<tr>\n<td>Nominal limit direnci (Class II EK)<\/td>\n<td>115 \u03a9<\/td>\n<td>39 \u03a9<\/td>\n<td>N\/A<\/td>\n<\/tr>\n<tr>\n<td>Limit diren\u00e7 ak\u0131m\u0131(Class II EK)<\/td>\n<td>&gt;2,5 A<\/td>\n<td>&gt;5,0 A<\/td>\n<td>N\/A<\/td>\n<\/tr>\n<tr>\n<td>Ate\u015fleme yetisi (Class II EK)<\/td>\n<td>117 EK<\/td>\n<td>130 EK<\/td>\n<td>N\/A<\/td>\n<\/tr>\n<\/tbody>\n<\/table>\n<\/div>\n<p><\/p><\/div><\/div><\/div><\/div>\n<\/div>\n<\/div>\n<p><\/p>","protected":false},"excerpt":{"rendered":"<p>[rev_slider eka350_en] EKA 350\u2122, t\u00fcm d\u00fcnyada on y\u0131ldan uzun s\u00fcredir G\u00fcvenli hi\u00e7 ar\u0131za yapmadan \u00e7al\u0131\u015fan en pop\u00fcler cihaz\u0131m\u0131zd\u0131r. Tan\u0131m EKA 350\u2122, mevcut olan en g\u00fcvenilir patlatma y\u00f6ntemini sa\u011flayan kapasit\u00f6r de\u015farj\u2026 <a href=\"https:\/\/www.trioblasting.com\/tr\/blasting-machines\/eka-350-series\/\" class=\"read-more-link\">read more &rarr;<\/a><\/p>\n","protected":false},"author":3,"featured_media":0,"parent":21,"menu_order":0,"comment_status":"closed","ping_status":"closed","template":"page-fullwidth.php","meta":[],"_links":{"self":[{"href":"https:\/\/www.trioblasting.com\/tr\/wp-json\/wp\/v2\/pages\/34"}],"collection":[{"href":"https:\/\/www.trioblasting.com\/tr\/wp-json\/wp\/v2\/pages"}],"about":[{"href":"https:\/\/www.trioblasting.com\/tr\/wp-json\/wp\/v2\/types\/page"}],"author":[{"embeddable":true,"href":"https:\/\/www.trioblasting.com\/tr\/wp-json\/wp\/v2\/users\/3"}],"replies":[{"embeddable":true,"href":"https:\/\/www.trioblasting.com\/tr\/wp-json\/wp\/v2\/comments?post=34"}],"version-history":[{"count":113,"href":"https:\/\/www.trioblasting.com\/tr\/wp-json\/wp\/v2\/pages\/34\/revisions"}],"predecessor-version":[{"id":2718,"href":"https:\/\/www.trioblasting.com\/tr\/wp-json\/wp\/v2\/pages\/34\/revisions\/2718"}],"up":[{"embeddable":true,"href":"https:\/\/www.trioblasting.com\/tr\/wp-json\/wp\/v2\/pages\/21"}],"wp:attachment":[{"href":"https:\/\/www.trioblasting.com\/tr\/wp-json\/wp\/v2\/media?parent=34"}],"curies":[{"name":"wp","href":"https:\/\/api.w.org\/{rel}","templated":true}]}}