{"id":68,"date":"2014-11-05T21:29:02","date_gmt":"2014-11-05T20:29:02","guid":{"rendered":"http:\/\/www.trioblasting.com\/?page_id=68"},"modified":"2016-05-09T09:47:22","modified_gmt":"2016-05-09T07:47:22","slug":"home","status":"publish","type":"page","link":"https:\/\/www.trioblasting.com\/tr\/","title":{"rendered":"Ana Sayfa"},"content":{"rendered":"<p>[rev_slider homeSlider_TR]<\/p>\n<div class=\"gap\" style=\"height: 20px;\"><\/div>\n<div class=\"section \" style=\"background-color: #ffffff; border: none; padding: ; \">\n<div class=\"container clearfix\">\n<div class=\"sixteen columns\">\n<div class=\"description clearfix style-1\"><link href=\"http:\/\/fonts.googleapis.com\/css?family=Roboto&amp;subset=latin,latin-ext,cyrillic,cyrillic-ext,greek-ext,greek,vietnamese\" rel=\"stylesheet\" type=\"text\/css\">\n<div class=\"googlefont\" style=\"font-family:'Roboto', serif !important; font-size:18px !important; margin: 0px !important;\">\n<div style=\"text-align: center !important; color:#777777 !important; line-height:32px;\">Trio Electronics Ltd \u015eirketi, may\u0131nlama, madencilik ve askeri sanayisinde kullan\u0131lan elektronik ekipman\u0131n geli\u015fimi, imalat\u0131 ve sat\u0131\u015f\u0131 i\u00e7in \u00f6zel \u015firkettir. 20 y\u0131ldan fazla s\u00fcren tecr\u00fcbemiz ile Elektronik manyeto, Dijital ohmmetre&#8217;ler ve \u00f6l\u00e7me cihazlar\u0131n imalat\u0131n\u0131 yap\u0131yoruz. G\u00fcvenli, Basit, Dayan\u0131kl\u0131 \u2013 motosuyla hareket ederek misyonumuz, madencilikte geni\u015f spektrumda kullan\u0131lan ve patlay\u0131c\u0131 ve ba\u015flat\u0131c\u0131 maddeleri \u00fcretenler i\u00e7in en y\u00fcksek kaliteden ve uygun fiyatta \u00fcr\u00fcnleri geli\u015ftirmektir.<\/div>\n<\/div>\n<\/div>\n<div class=\"one_third\">\n<div class=\"teaser\">\n<div class='teaser-img'><img src='http:\/\/www.trioblasting.com\/wp-content\/uploads\/fp_safe.jpg' \/><\/div>\n<h3>G\u00fcvenli<\/h3>\n<p>May\u0131nlama s\u00f6z konusu olunca, akl\u0131m\u0131zdan ge\u00e7en ilk \u015fey \u2013 g\u00fcvenliktir. Bunun i\u00e7in \u00fcr\u00fcnlerimizi geli\u015ftirdi\u011fimizde, g\u00fcveniniz bizim i\u00e7in her zaman ilk yerdedir. Y\u00fcksek riskli \u00e7evrede \u00e7al\u0131\u015fmak i\u00e7in \u00f6z g\u00fcveninizi y\u00fckseltecek \u00e7ok say\u0131da g\u00fcvenlik teknikleri uygulad\u0131k.\n<\/p><\/div>\n<\/div>\n<div class=\"one_third\">\n<div class=\"teaser\">\n<div class='teaser-img'><img src='http:\/\/www.trioblasting.com\/wp-content\/uploads\/fp_simple.jpg' \/><\/div>\n<h3>Basit<\/h3>\n<p>May\u0131nlamada ikinci \u015fans olmad\u0131\u011f\u0131 iyi bilinmektedir. Hedefimiz, sahada \u00e7al\u0131\u015ft\u0131\u011f\u0131n\u0131zda dikkatinizi cihazlar\u0131m\u0131za de\u011fil i\u015finize y\u00f6nlendirmektir, bunun i\u00e7in \u00fcr\u00fcnlerimizi basit, d\u00fczenli ve hafif olsun diye geli\u015ftiriyoruz.<br \/>&nbsp;\n<\/div>\n<\/div>\n<div class=\"one_third last\">\n<div class=\"teaser\">\n<div class='teaser-img'><img src='http:\/\/www.trioblasting.com\/wp-content\/uploads\/fp_reliable.jpg' \/><\/div>\n<h3>Dayan\u0131kl\u0131<\/h3>\n<p>Cihazlar\u0131m\u0131z y\u00fcksek derecede dayan\u0131kl\u0131d\u0131r ve bak\u0131ma ihtiya\u00e7lar\u0131 yoktur. Y\u00fckleyici veya damper \u00fcst\u00fcnden ge\u00e7me durumlar\u0131 hari\u00e7 olmak \u00fczere, gerekli olan tek bak\u0131m pilleri de\u011fi\u015ftirmektir.<br \/>&nbsp;<br \/>&nbsp;\n<\/div>\n<\/div>\n<div class=\"clear\"><\/div>\n<\/div>\n<\/div>\n<\/div>\n<p><\/p>","protected":false},"excerpt":{"rendered":"<p>[rev_slider homeSlider_TR] Trio Electronics Ltd \u015eirketi, may\u0131nlama, madencilik ve askeri sanayisinde kullan\u0131lan elektronik ekipman\u0131n geli\u015fimi, imalat\u0131 ve sat\u0131\u015f\u0131 i\u00e7in \u00f6zel \u015firkettir. 20 y\u0131ldan fazla s\u00fcren tecr\u00fcbemiz ile Elektronik manyeto, Dijital\u2026 <a href=\"https:\/\/www.trioblasting.com\/tr\/\" class=\"read-more-link\">read more &rarr;<\/a><\/p>\n","protected":false},"author":3,"featured_media":0,"parent":0,"menu_order":0,"comment_status":"closed","ping_status":"closed","template":"page-section.php","meta":[],"_links":{"self":[{"href":"https:\/\/www.trioblasting.com\/tr\/wp-json\/wp\/v2\/pages\/68"}],"collection":[{"href":"https:\/\/www.trioblasting.com\/tr\/wp-json\/wp\/v2\/pages"}],"about":[{"href":"https:\/\/www.trioblasting.com\/tr\/wp-json\/wp\/v2\/types\/page"}],"author":[{"embeddable":true,"href":"https:\/\/www.trioblasting.com\/tr\/wp-json\/wp\/v2\/users\/3"}],"replies":[{"embeddable":true,"href":"https:\/\/www.trioblasting.com\/tr\/wp-json\/wp\/v2\/comments?post=68"}],"version-history":[{"count":29,"href":"https:\/\/www.trioblasting.com\/tr\/wp-json\/wp\/v2\/pages\/68\/revisions"}],"predecessor-version":[{"id":3095,"href":"https:\/\/www.trioblasting.com\/tr\/wp-json\/wp\/v2\/pages\/68\/revisions\/3095"}],"wp:attachment":[{"href":"https:\/\/www.trioblasting.com\/tr\/wp-json\/wp\/v2\/media?parent=68"}],"curies":[{"name":"wp","href":"https:\/\/api.w.org\/{rel}","templated":true}]}}